{"id":10355,"date":"2023-09-11T06:55:26","date_gmt":"2023-09-11T06:55:26","guid":{"rendered":"https:\/\/vibetobe.com\/kvkk-illumination-text\/"},"modified":"2023-09-11T08:13:32","modified_gmt":"2023-09-11T08:13:32","slug":"kvkk-illumination-text","status":"publish","type":"page","link":"https:\/\/vtb.gurudesk.dev\/en\/kvkk-illumination-text\/","title":{"rendered":"KVKK Illumination Text"},"content":{"rendered":"\n<p>Cafera\u011fa Mah. Nese St. 33\/6 Kad\u0131k\u00f6y -\u0130stanbul adresinde kurulu Vibe To Be \u015eirketi taraf\u0131ndan ki\u015fisel verilerinizin toplanmas\u0131na, i\u015flenmesine ve aktar\u0131lmas\u0131na<\/p>\n\n<p>ili\u015fkin i\u015fbu Ayd\u0131nlatma Metni, a\u015fa\u011f\u0131daki hususlarda bilgilendirilmenizi ama\u00e7lamaktad\u0131r:<\/p>\n\n<ul class=\"wp-block-list\">\n<li>Vibe To Be taraf\u0131ndan hangi ki\u015fisel verilerin topland\u0131\u011f\u0131, i\u015flendi\u011fi;<\/li>\n\n\n\n<li>Vibe To Be \u2018nin ki\u015fisel verilerinizi hangi ama\u00e7la toplad\u0131\u011f\u0131, i\u015fledi\u011fi,<\/li>\n\n\n\n<li>Vibe To Be \u2018nin ki\u015fisel verilerinizi kimlerle payla\u015ft\u0131\u011f\u0131,<\/li>\n\n\n\n<li>Vibe To Be \u2018nin Ki\u015fisel verilerinizin T\u00fcrkiye d\u0131\u015f\u0131na aktar\u0131l\u0131p aktar\u0131lmad\u0131\u011f\u0131,<\/li>\n\n\n\n<li>Vibe To Be \u2018nin verilerinizi nas\u0131l saklad\u0131\u011f\u0131 ve korudu\u011fu ve<\/li>\n\n\n\n<li>Ki\u015fisel verilerinize ili\u015fkin haklar\u0131n\u0131z.<\/li>\n\n\n\n<li>\u0130\u015fbu Ayd\u0131nlatma Metninin ama\u00e7lar\u0131 kapsam\u0131nda,<\/li>\n<\/ul>\n\n<ol class=\"wp-block-list\" type=\"1\">\n<li>\u00a0<\/li>\n<\/ol>\n\n<ul class=\"wp-block-list\">\n<li>\u201cKi\u015fisel Veri\u201d tan\u0131mlanm\u0131\u015f veya tan\u0131mlanabilir bir bireye ili\u015fkin bilgiyi; ve<\/li>\n\n\n\n<li>\u201c\u0130\u015fleme\u201d Ki\u015fisel Veriye ili\u015fkin toplama, izni geri \u00e7ekme, ula\u015fma, kullanma, payla\u015fma,<\/li>\n<\/ul>\n\n<p>saklama ve imha gibi i\u015flemleri ifade eder.<\/p>\n\n<p>Ki\u015fisel Verilerin Toplamas\u0131, Kullan\u0131lmas\u0131 ve Payla\u015f\u0131lmas\u0131<\/p>\n\n<ol class=\"wp-block-list\" type=\"1\">\n<li>Toplama. Vibe To Be taraflar aras\u0131ndaki hizmet ili\u015fkisi kapsam\u0131nda \u00e7a\u011fr\u0131 merkezleri, web sitesi ve uygulama (app) arac\u0131l\u0131\u011f\u0131yla sizlerden Ki\u015fisel Veri toplar. Ayr\u0131ca \u00e7al\u0131\u015ft\u0131\u011f\u0131n\u0131z i\u015fyeri, eri\u015fimimize onay verdi\u011finiz veya kamuya a\u00e7\u0131k sosyal medya siteleri ve sa\u011fl\u0131kl\u0131 ya\u015fam uygulamalar\u0131 gibi \u00fc\u00e7\u00fcnc\u00fc taraf uygulamalar\u0131 veya web siteleri gibi \u00fc\u00e7\u00fcnc\u00fc ki\u015filerden hakk\u0131n\u0131zda bilgi toplanabilir.<\/li>\n<\/ol>\n\n<p>Vibe To Be ve\/veya anla\u015fmal\u0131 tedarik\u00e7ileri taraf\u0131ndan toplanan ve i\u015flenen Ki\u015fisel Veriler a\u015fa\u011f\u0131daki gibidir:<\/p>\n\n<p>Yukar\u0131da an\u0131lan ve Vibe To Be taraf\u0131ndan talep edilen Ki\u015fisel Verilerinizden ba\u015fkaca verileri Vibe To Be ve\/veya tedarik\u00e7ilerinden biri ile payla\u015fman\u0131z ve\/veya Vibe To Be \u2018nin uygulamalar\u0131na y\u00fcklemeniz an\u0131lan verileri kendi iradeniz ile alenile\u015ftirmeniz anlam\u0131na gelmektedir. Taraf\u0131n\u0131zca alenile\u015ftirilen veriler hususunda Vibe To Be ve\/veya tedarik\u00e7ilerinin herhangi bir sorumlulu\u011fu yoktur.<\/p>\n\n<ol class=\"wp-block-list\" type=\"1\">\n<li>Hukuki bir y\u00fck\u00fcml\u00fcl\u00fc\u011f\u00fcn veya s\u00f6zle\u015fmeden do\u011fan y\u00fck\u00fcml\u00fcl\u00fc\u011f\u00fcn yerine getirilmesi amac\u0131yla Ki\u015fisel Verilerin toplanmas\u0131. A\u015fa\u011f\u0131da bahsi ge\u00e7en Ki\u015fisel Veriler,<\/li>\n<\/ol>\n\n<p>veri sorumlusu s\u0131fat\u0131yla Vibe To Be ve\/veya anla\u015fmal\u0131 tedarik\u00e7ileri taraf\u0131ndan, ba\u015fta T\u00fcrk Bor\u00e7lar Kanunu olmak<\/p>\n\n<figure class=\"wp-block-table\"><table><tbody><tr><td>Ad, Soyad\u0131<\/td><td>Date of birth<\/td><td>V\u00fccut \u00d6l\u00e7\u00fcleri<\/td><\/tr><tr><td> E-Posta Adresi<\/td><td> Ruh Sa\u011fl\u0131\u011f\u0131 Verileri<\/td><td> Dijital Foto\u011fraf<\/td><\/tr><tr><td> Telefon Numaras\u0131<\/td><td> Sa\u011fl\u0131k Durumu<\/td><td>\u00a0<\/td><\/tr><\/tbody><\/table><\/figure>\n\n<p>\u00fczere ilgili mevzuata uyum kapsam\u0131nda ve hizmet s\u00f6zle\u015fmesi kapsam\u0131ndaki y\u00fck\u00fcml\u00fcl\u00fcklerin yerine getirilmesi amac\u0131yla i\u015flenecektir.<\/p>\n\n<p>\u0130lgili Ki\u015fisel Verilerin i\u015flenmesi i\u00e7in Ki\u015fisel Verilerin Korunmas\u0131 Kanunu\u2019nun 5\/2 maddesi, (a), (c) ve (\u00e7) f\u0131kralar\u0131 kapsam\u0131nda a\u00e7\u0131k onay\u0131n\u0131z\u0131n al\u0131nmas\u0131na gerek yoktur.<\/p>\n\n<p>Bu itibarla, Vibe To Be ile aran\u0131zdaki hizmet ili\u015fkisi ve yasal y\u00fck\u00fcml\u00fcl\u00fckler uyar\u0131nca ihtiya\u00e7 duyulan Ki\u015fisel Verinin ilgili mevzuatlarda \u00f6ng\u00f6r\u00fclen s\u00fcreler i\u00e7erisinde silinmesini isteme hakk\u0131n\u0131z bulunmamaktad\u0131r.<\/p>\n\n<figure class=\"wp-block-table\"><table><tbody><tr><td>Ad, Soyad\u0131<\/td><td>Date of birth<\/td><\/tr><tr><td> E-Posta Adresi<\/td><td> Telefon Numaras\u0131<\/td><\/tr><\/tbody><\/table><\/figure>\n\n<ol class=\"wp-block-list\" type=\"1\">\n<li>Sunulan \u00fcr\u00fcn ve hizmetlerin geli\u015ftirilebilmesi, m\u00fc\u015fteri memnuniyeti ve ihtiya\u00e7lar\u0131 do\u011frultusunda yeni \u00fcr\u00fcn ve hizmetlerin sunulabilmesi ve sair ticari ama\u00e7larla Ki\u015fisel Verilerin toplanmas\u0131.<\/li>\n<\/ol>\n\n<figure class=\"wp-block-table\"><table><tbody><tr><td>Ad, Soyad\u0131<\/td><td>Telefon Numaras\u0131<\/td><\/tr><tr><td>E-Posta Adresi<\/td><td>Date of birth<\/td><\/tr><tr><td>Dijital Foto\u011fraf<\/td><td>\u00a0<\/td><\/tr><\/tbody><\/table><\/figure>\n\n<p>Yukar\u0131da an\u0131lan toplanan Ki\u015fisel Verileriniz, Vibe To Be taraf\u0131ndan sunulan \u00fcr\u00fcn ve hizmetlerin geli\u015ftirilebilmesi, m\u00fc\u015fteri memnuniyeti ve ihtiya\u00e7lar\u0131 do\u011frultusunda yeni \u00fcr\u00fcn ve hizmetlerin sunulabilmesi kapsam\u0131nda i\u015flenmektedir.<\/p>\n\n<p>Burada yer alan ki\u015fisel verilerin yukar\u0131da belirtilen ama\u00e7larla i\u015flenmesi, Ki\u015fisel Verilerin Korunmas\u0131 Kanunu\u2019nun 5\/1. maddesine dayanmaktad\u0131r.<\/p>\n\n<p>Vibe To Be, a\u00e7\u0131k onay\u0131n\u0131z kapsam\u0131nda yukar\u0131da an\u0131lan ki\u015fisel verilerinizi otomatik sistemler vesilesiyle analiz edebilir ve bu verilere ili\u015fkin sonu\u00e7 \u00e7\u0131karabilir.<\/p>\n\n<ol class=\"wp-block-list\" type=\"1\">\n<li>Psikolojik dan\u0131\u015fmanl\u0131k hizmetlerinin sa\u011flanmas\u0131 amac\u0131yla Ki\u015fisel Verilerin toplanmas\u0131. ( Hizmet kapsam\u0131n\u0131zda varsa ve kullanmak istedi\u011finiz takdirde )<\/li>\n<\/ol>\n\n<p>Yukar\u0131da an\u0131lan Ki\u015fisel Verileriniz, Vibe To Be ve\/veya tedarik\u00e7ileri taraf\u0131ndan sunulan psikolojik dan\u0131\u015fmanl\u0131k hizmetlerinin verilmesi amac\u0131yla ve yaln\u0131zca bu kapsamda a\u00e7\u0131k onay\u0131n\u0131z kapsam\u0131nda i\u015flenmektedir.<\/p>\n\n<p>Burada yer alan ki\u015fisel verilerin yukar\u0131da belirtilen ama\u00e7larla i\u015flenmesi, Ki\u015fisel Verilerin Korunmas\u0131 Kanunu\u2019nun 6\/2. Maddesine dayanmaktad\u0131r.<\/p>\n\n<figure class=\"wp-block-table\"><table><tbody><tr><td>V\u00fccut \u00d6l\u00e7\u00fcleri<\/td><td>Sa\u011fl\u0131k Verileri Ruh<\/td><td>Sa\u011fl\u0131\u011f\u0131 Verileri<\/td><\/tr><\/tbody><\/table><\/figure>\n\n<p>Vibe To Be taraf\u0131n\u0131za sa\u011flayaca\u011f\u0131 psikolojik dan\u0131\u015fmanl\u0131k gibi hizmetler (anla\u015fmal\u0131 tedarik\u00e7iler taraf\u0131ndan sa\u011flanan hizmetler) kapsam\u0131nda payla\u015ft\u0131\u011f\u0131n\u0131z v\u00fccut<\/p>\n\n<p>\u00f6l\u00e7\u00fcleriniz, sa\u011fl\u0131k verileriniz ve ruh sa\u011fl\u0131\u011f\u0131 verileri gibi \u00f6zel nitelikli ki\u015fisel veriniz do\u011frudan a\u00e7\u0131k onay\u0131n\u0131z kapsam\u0131nda i\u015flenmektedir. B\u00f6yle bir durumda hassas verileriniz yaln\u0131zca hizmet ald\u0131\u011f\u0131n\u0131z psikolog ve\/ veya Vibe To Be \u2018nin s\u00f6zle\u015fmeli oldu\u011fu hizmet sa\u011flay\u0131c\u0131 \u00e7a\u011fr\u0131 merkezi taraf\u0131ndan i\u015flenecektir. Hizmet kapsam\u0131nda payla\u015ft\u0131\u011f\u0131n\u0131z \u00d6zel Nitelikli Ki\u015fisel Verileriniz\u2019e yaln\u0131zca Vibe To Be \u2018nin yetkilendirdi\u011fi ki\u015filer ula\u015fabilecektir. \u00d6zel Nitelikli Ki\u015fisel Verileriniz hi\u00e7bir ko\u015fulda, an\u0131lan ki\u015filer d\u0131\u015f\u0131ndaki, \u00fc\u00e7\u00fcnc\u00fc ki\u015filer ile payla\u015f\u0131lmayacakt\u0131r.<\/p>\n\n<p>Ancak belirtmek isteriz ki, verilen psikolojik dan\u0131\u015fmanl\u0131k hizmetlerinin niteli\u011fi gere\u011fi, a\u00e7\u0131k onay\u0131n\u0131z\u0131 geri \u00e7ekmeniz halinde Vibe To Be ve\/veya tedarik\u00e7ileri bu hizmetleri vermeye devam edemeyecektir.<\/p>\n\n<p>1.3. ve 1.4. ba\u015fl\u0131klarda an\u0131lan ve a\u00e7\u0131k onay\u0131n\u0131za dayan\u0131larak i\u015flenen ki\u015fisel verilerinizin Vibe To Be ve\/veya tedarik\u00e7ileri taraf\u0131ndan bu ama\u00e7larla i\u015flenmesine ili\u015fkin onay\u0131n\u0131z\u0131 herhangi bir neden ileri s\u00fcrmeden, diledi\u011finiz zaman geri \u00e7ekme hakk\u0131na sahipsiniz. Onay\u0131n\u0131z\u0131 geri \u00e7ekti\u011finize dair beyan\u0131n\u0131z\u0131n Vibe To Be \u2018ye<\/p>\n\n<p>iletmenizin ard\u0131ndan Vibe To Be ve\/veya tedarik\u00e7ileri verilerinizi bu ama\u00e7la i\u015flemeye derhal son verecektir.<\/p>\n\n<p>Onay\u0131n\u0131z\u0131 geri \u00e7ekmeniz, bu geri \u00e7ekmeden \u00f6nce onay\u0131n\u0131za dayanarak yap\u0131lan<\/p>\n\n<p>i\u015flemenin hukuka uygunlu\u011funu etkilemeyecektir. Vibe To Be\u2019nin y\u00fcr\u00fcrl\u00fckteki kanun izin verdi\u011fi veya gerektirdi\u011fi s\u00fcrece onay\u0131n\u0131z\u0131n geri \u00e7ekilmesinden \u00f6nce sa\u011flanan bilgileri muhafaza etmeye devam edecektir.<\/p>\n\n<ol class=\"wp-block-list\" type=\"1\">\n<li>Ki\u015fisel Verilerinizin i\u015fleme s\u00fcresi<\/li>\n<\/ol>\n\n<p>Ki\u015fisel Verileriniz, verilerinizi Vibe To Be ve\/veya anla\u015fmal\u0131 tedarik\u00e7iler ile payla\u015ft\u0131\u011f\u0131n\u0131z tarihinden itibaren, ilgili mevzuat uyar\u0131nca \u00f6ng\u00f6r\u00fclen saklama s\u00fcresinin sonuna kadar saklanmaktad\u0131r. Ayr\u0131ca, hizmet kapsam\u0131n\u0131zda \u00e7a\u011ft\u0131 merkezi varsa<\/p>\n\n<p>ki\u015fisel verileriniz ilgili \u00e7a\u011fr\u0131 merkezi taraf\u0131ndan da g\u00fcvenlik ve bilgi do\u011frulamas\u0131 amac\u0131yla veriyi kaydettikleri tarihten itibaren iki (2) y\u0131l boyunca saklanacakt\u0131r.<\/p>\n\n<p>Ki\u015fisel Verileriniz, bu s\u00fcrenin sonunda ilk imha periyodunda silinir veya yok edilir.<\/p>\n\n<ol class=\"wp-block-list\" type=\"1\">\n<li>\u00dc\u00e7\u00fcnc\u00fc ki\u015filere aktarma veya a\u00e7\u0131klama<\/li>\n<\/ol>\n\n<p>A\u00e7\u0131k izniniz do\u011frultusunda a\u015fa\u011f\u0131da belirtilen Ki\u015fisel Verileriniz yurt d\u0131\u015f\u0131nda yer alan Microsoft] unvanl\u0131, \u0130rlanda] adresine kay\u0131tl\u0131 ve Vibe To Be taraf\u0131ndan server hizmeti al\u0131nan \u015firkete aktar\u0131lacakt\u0131r:<\/p>\n\n<figure class=\"wp-block-table\"><table><tbody><tr><td>Ad, Soyad\u0131<\/td><td>Date of birth<\/td><td>V\u00fccut \u00d6l\u00e7\u00fcleri<\/td><\/tr><tr><td>E-Posta Adresi<\/td><td>Ruh Sa\u011fl\u0131\u011f\u0131 Verileri<\/td><td>Dijital Foto\u011fraf<\/td><\/tr><tr><td>Telefon Numaras\u0131<\/td><td>Sa\u011fl\u0131k Durumu<\/td><td>\u00a0<\/td><\/tr><\/tbody><\/table><\/figure>\n\n<ol class=\"wp-block-list\" type=\"1\">\n<li>Ki\u015fisel Verilerin Toplanma Usul\u00fc Ki\u015fisel verileriniz;<ol><li>Hizmet al\u0131m\u0131 s\u0131ras\u0131nda gerekti\u011fi durumda taraf\u0131n\u0131zca Vibe To Be\u2019nin s\u00f6zle\u015fmeli olarak hizmet ald\u0131\u011f\u0131 \u00e7a\u011fr\u0131 merkezi ve\/veya tedarik\u00e7ileri ile payla\u015f\u0131lmaktad\u0131r.<\/li><\/ol><ol><li>\u0130\u015fvereniniz taraf\u0131ndan s\u00f6zle\u015fmenin ifas\u0131n\u0131 m\u00fcmk\u00fcn k\u0131lmak i\u00e7in iletilmektedir.<\/li><\/ol>\n<ol class=\"wp-block-list\">\n<li>\u0130\u015flememize onay verdi\u011finiz bilgiler ve bunlarla s\u0131n\u0131rl\u0131 olmaks\u0131z\u0131nVibe To Be\u2019nin eri\u015fimine onay verdi\u011finiz sosyal medya siteleri ve sa\u011fl\u0131kl\u0131 ya\u015fam uygulamalar\u0131 gibi \u00fc\u00e7\u00fcnc\u00fc taraf uygulamalar\u0131.<\/li>\n<\/ol>\n<\/li>\n<\/ol>\n\n<p>Ki\u015fisel Verileriniz ile \u0130lgili Haklar\u0131n\u0131z:<\/p>\n\n<p>Baz\u0131 k\u0131s\u0131tlamalar ve\/veya aranan niteliklere tabi olarak \u015fu haklara sahip olacaks\u0131n\u0131z:<\/p>\n\n<p>(a) ki\u015fisel verilerinizin i\u015flenip i\u015flenmedi\u011fi veya nas\u0131l i\u015flendi\u011fi ile ilgili olarak bilgi talep etmek (bilgi edinme hakk\u0131), (b) i\u015flemenin amac\u0131 ile ilgili ve verinin buna g\u00f6re kullan\u0131l\u0131p kullan\u0131lmad\u0131\u011f\u0131 hususunda bilgi talep etmek, (c) verinin iletilece\u011fi ulusal ve uluslararas\u0131 \u00fc\u00e7\u00fcnc\u00fc taraflar ile ilgili bilgi talep etmek, (d) Ki\u015fisel Verilerinizin do\u011frulanmas\u0131n\u0131 talep etmek, (e) varsa ki\u015fisel veri i\u015fleme, silme ve imha politikalar\u0131na g\u00f6re Ki\u015fisel Verilerinizin silinmesini veya imhas\u0131n\u0131 talep etmek, (f) Vibe To Be\u2019nin<\/p>\n\n<p>Ki\u015fisel Verilerinizin al\u0131c\u0131lar\u0131n\u0131, Ki\u015fisel verilerinizin silinmesi veya d\u00fczeltilmesi hususunda bilgilendirmesini talep etmek, (g) Ki\u015fisel verinizi kullanarak otomatik i\u015flenme durumuna itiraz etmek (Vibe To Be b\u00f6yle bir faaliyette bulunduysa), (h) \u0130\u015flemlerin s\u0131n\u0131rland\u0131r\u0131lmas\u0131n\u0131 talep etmek ve (i) Vibe To Be\u2019nin ki\u015fisel verilerinizi<\/p>\n\n<p>kanunsuz bir \u015fekilde i\u015flemesi durumunda, bu t\u00fcr kanunsuz muameleler i\u00e7in Vibe To Be \u2018den tazminat talep etmek.<\/p>\n\n<p><a href=\"mailto:info@vibetobe.com\">info@vibetobe.com<\/a> adresine bir e-posta g\u00f6ndererek bu haklar\u0131n\u0131z\u0131 ifa edebilirsiniz. Vibe To Be; y\u00fcr\u00fcrl\u00fckteki veri koruma kanununa g\u00f6re bu taleplere cevap verecektir.<\/p>\n\n<p>Ki\u015fisel Verilerinizin y\u00fcr\u00fcrl\u00fckteki veri koruma kanunu ihlal edilerek i\u015flendi\u011fine<\/p>\n\n<p>inan\u0131yorsan\u0131z, Vibe To Be taraf\u0131ndan ba\u015fvurunuzun reddedilmesine m\u00fcteakip veya yetersiz cevap al\u0131rsan\u0131z veya zaman\u0131nda bir cevap almazsan\u0131z, ki\u015fisel koruma yetkilisine bir \u015fik\u00e2yet sunma hakk\u0131na sahip olursunuz.<\/p>\n\n<p>Personal Data Protection Board<\/p>\n\n<p>Adres: Cafera\u011fa Mah. Nese St. 33\/6 Kadikoy &#8211; Istanbul<\/p>\n\n<p>+90 532 353 27 86<\/p>\n\n<p>Web sitesi: <a href=\"http:\/\/www.vibetobe.com\/\">http:\/\/www.vibetobe.com\/<\/a><\/p>\n","protected":false},"excerpt":{"rendered":"<p>Cafera\u011fa Mah. Nese St. 33\/6 Kad\u0131k\u00f6y -\u0130stanbul adresinde kurulu Vibe To Be \u015eirketi taraf\u0131ndan ki\u015fisel verilerinizin toplanmas\u0131na, i\u015flenmesine ve aktar\u0131lmas\u0131na ili\u015fkin i\u015fbu Ayd\u0131nlatma Metni, a\u015fa\u011f\u0131daki hususlarda bilgilendirilmenizi ama\u00e7lamaktad\u0131r: saklama ve imha gibi i\u015flemleri ifade eder. Ki\u015fisel Verilerin Toplamas\u0131, Kullan\u0131lmas\u0131 ve Payla\u015f\u0131lmas\u0131 Vibe To Be ve\/veya anla\u015fmal\u0131 tedarik\u00e7ileri taraf\u0131ndan toplanan ve i\u015flenen Ki\u015fisel Veriler a\u015fa\u011f\u0131daki gibidir: [&hellip;]<\/p>\n","protected":false},"author":4,"featured_media":0,"parent":0,"menu_order":0,"comment_status":"closed","ping_status":"closed","template":"","meta":{"footnotes":""},"class_list":["post-10355","page","type-page","status-publish","hentry"],"yoast_head":"<!-- This site is optimized with the Yoast SEO plugin v25.8 - https:\/\/yoast.com\/wordpress\/plugins\/seo\/ -->\n<title>KVKK Illumination Text - Vibe to BE<\/title>\n<meta name=\"robots\" content=\"index, follow, max-snippet:-1, max-image-preview:large, max-video-preview:-1\" \/>\n<link rel=\"canonical\" href=\"https:\/\/vtb.gurudesk.dev\/en\/kvkk-illumination-text\/\" \/>\n<meta property=\"og:locale\" content=\"en_US\" \/>\n<meta property=\"og:type\" content=\"article\" \/>\n<meta property=\"og:title\" content=\"KVKK Illumination Text - Vibe to BE\" \/>\n<meta property=\"og:description\" content=\"Cafera\u011fa Mah. Nese St. 33\/6 Kad\u0131k\u00f6y -\u0130stanbul adresinde kurulu Vibe To Be \u015eirketi taraf\u0131ndan ki\u015fisel verilerinizin toplanmas\u0131na, i\u015flenmesine ve aktar\u0131lmas\u0131na ili\u015fkin i\u015fbu Ayd\u0131nlatma Metni, a\u015fa\u011f\u0131daki hususlarda bilgilendirilmenizi ama\u00e7lamaktad\u0131r: saklama ve imha gibi i\u015flemleri ifade eder. Ki\u015fisel Verilerin Toplamas\u0131, Kullan\u0131lmas\u0131 ve Payla\u015f\u0131lmas\u0131 Vibe To Be ve\/veya anla\u015fmal\u0131 tedarik\u00e7ileri taraf\u0131ndan toplanan ve i\u015flenen Ki\u015fisel Veriler a\u015fa\u011f\u0131daki gibidir: [&hellip;]\" \/>\n<meta property=\"og:url\" content=\"https:\/\/vtb.gurudesk.dev\/en\/kvkk-illumination-text\/\" \/>\n<meta property=\"og:site_name\" content=\"Vibe to BE\" \/>\n<meta property=\"article:publisher\" content=\"https:\/\/www.facebook.com\/vibetobe\/\" \/>\n<meta property=\"article:modified_time\" content=\"2023-09-11T08:13:32+00:00\" \/>\n<meta name=\"twitter:card\" content=\"summary_large_image\" \/>\n<meta name=\"twitter:label1\" content=\"Est. reading time\" \/>\n\t<meta name=\"twitter:data1\" content=\"8 minutes\" \/>\n<script type=\"application\/ld+json\" class=\"yoast-schema-graph\">{\"@context\":\"https:\/\/schema.org\",\"@graph\":[{\"@type\":\"WebPage\",\"@id\":\"https:\/\/vtb.gurudesk.dev\/en\/kvkk-illumination-text\/\",\"url\":\"https:\/\/vtb.gurudesk.dev\/en\/kvkk-illumination-text\/\",\"name\":\"KVKK Illumination Text - Vibe to BE\",\"isPartOf\":{\"@id\":\"https:\/\/vtb.gurudesk.dev\/#website\"},\"datePublished\":\"2023-09-11T06:55:26+00:00\",\"dateModified\":\"2023-09-11T08:13:32+00:00\",\"breadcrumb\":{\"@id\":\"https:\/\/vtb.gurudesk.dev\/en\/kvkk-illumination-text\/#breadcrumb\"},\"inLanguage\":\"en-US\",\"potentialAction\":[{\"@type\":\"ReadAction\",\"target\":[\"https:\/\/vtb.gurudesk.dev\/en\/kvkk-illumination-text\/\"]}]},{\"@type\":\"BreadcrumbList\",\"@id\":\"https:\/\/vtb.gurudesk.dev\/en\/kvkk-illumination-text\/#breadcrumb\",\"itemListElement\":[{\"@type\":\"ListItem\",\"position\":1,\"name\":\"Anasayfa\",\"item\":\"https:\/\/vtb.gurudesk.dev\/\"},{\"@type\":\"ListItem\",\"position\":2,\"name\":\"KVKK Illumination Text\"}]},{\"@type\":\"WebSite\",\"@id\":\"https:\/\/vtb.gurudesk.dev\/#website\",\"url\":\"https:\/\/vtb.gurudesk.dev\/\",\"name\":\"Vibe to BE\",\"description\":\"| Vibe to BE\",\"publisher\":{\"@id\":\"https:\/\/vtb.gurudesk.dev\/#organization\"},\"potentialAction\":[{\"@type\":\"SearchAction\",\"target\":{\"@type\":\"EntryPoint\",\"urlTemplate\":\"https:\/\/vtb.gurudesk.dev\/?s={search_term_string}\"},\"query-input\":{\"@type\":\"PropertyValueSpecification\",\"valueRequired\":true,\"valueName\":\"search_term_string\"}}],\"inLanguage\":\"en-US\"},{\"@type\":\"Organization\",\"@id\":\"https:\/\/vtb.gurudesk.dev\/#organization\",\"name\":\"Vibe to Be\",\"url\":\"https:\/\/vtb.gurudesk.dev\/\",\"logo\":{\"@type\":\"ImageObject\",\"inLanguage\":\"en-US\",\"@id\":\"https:\/\/vtb.gurudesk.dev\/#\/schema\/logo\/image\/\",\"url\":\"https:\/\/vibetobe.com\/wp-content\/uploads\/2022\/04\/svg-vibetobe-logo-01.svg\",\"contentUrl\":\"https:\/\/vibetobe.com\/wp-content\/uploads\/2022\/04\/svg-vibetobe-logo-01.svg\",\"width\":600,\"height\":600,\"caption\":\"Vibe to Be\"},\"image\":{\"@id\":\"https:\/\/vtb.gurudesk.dev\/#\/schema\/logo\/image\/\"},\"sameAs\":[\"https:\/\/www.facebook.com\/vibetobe\/\",\"https:\/\/www.instagram.com\/vibetobe\/\",\"https:\/\/www.youtube.com\/channel\/UCHPXdL39zCA6cREYqsWuF3A\"]}]}<\/script>\n<!-- \/ Yoast SEO plugin. -->","yoast_head_json":{"title":"KVKK Illumination Text - Vibe to BE","robots":{"index":"index","follow":"follow","max-snippet":"max-snippet:-1","max-image-preview":"max-image-preview:large","max-video-preview":"max-video-preview:-1"},"canonical":"https:\/\/vtb.gurudesk.dev\/en\/kvkk-illumination-text\/","og_locale":"en_US","og_type":"article","og_title":"KVKK Illumination Text - Vibe to BE","og_description":"Cafera\u011fa Mah. Nese St. 33\/6 Kad\u0131k\u00f6y -\u0130stanbul adresinde kurulu Vibe To Be \u015eirketi taraf\u0131ndan ki\u015fisel verilerinizin toplanmas\u0131na, i\u015flenmesine ve aktar\u0131lmas\u0131na ili\u015fkin i\u015fbu Ayd\u0131nlatma Metni, a\u015fa\u011f\u0131daki hususlarda bilgilendirilmenizi ama\u00e7lamaktad\u0131r: saklama ve imha gibi i\u015flemleri ifade eder. Ki\u015fisel Verilerin Toplamas\u0131, Kullan\u0131lmas\u0131 ve Payla\u015f\u0131lmas\u0131 Vibe To Be ve\/veya anla\u015fmal\u0131 tedarik\u00e7ileri taraf\u0131ndan toplanan ve i\u015flenen Ki\u015fisel Veriler a\u015fa\u011f\u0131daki gibidir: [&hellip;]","og_url":"https:\/\/vtb.gurudesk.dev\/en\/kvkk-illumination-text\/","og_site_name":"Vibe to BE","article_publisher":"https:\/\/www.facebook.com\/vibetobe\/","article_modified_time":"2023-09-11T08:13:32+00:00","twitter_card":"summary_large_image","twitter_misc":{"Est. reading time":"8 minutes"},"schema":{"@context":"https:\/\/schema.org","@graph":[{"@type":"WebPage","@id":"https:\/\/vtb.gurudesk.dev\/en\/kvkk-illumination-text\/","url":"https:\/\/vtb.gurudesk.dev\/en\/kvkk-illumination-text\/","name":"KVKK Illumination Text - Vibe to BE","isPartOf":{"@id":"https:\/\/vtb.gurudesk.dev\/#website"},"datePublished":"2023-09-11T06:55:26+00:00","dateModified":"2023-09-11T08:13:32+00:00","breadcrumb":{"@id":"https:\/\/vtb.gurudesk.dev\/en\/kvkk-illumination-text\/#breadcrumb"},"inLanguage":"en-US","potentialAction":[{"@type":"ReadAction","target":["https:\/\/vtb.gurudesk.dev\/en\/kvkk-illumination-text\/"]}]},{"@type":"BreadcrumbList","@id":"https:\/\/vtb.gurudesk.dev\/en\/kvkk-illumination-text\/#breadcrumb","itemListElement":[{"@type":"ListItem","position":1,"name":"Anasayfa","item":"https:\/\/vtb.gurudesk.dev\/"},{"@type":"ListItem","position":2,"name":"KVKK Illumination Text"}]},{"@type":"WebSite","@id":"https:\/\/vtb.gurudesk.dev\/#website","url":"https:\/\/vtb.gurudesk.dev\/","name":"Vibe to BE","description":"| Vibe to BE","publisher":{"@id":"https:\/\/vtb.gurudesk.dev\/#organization"},"potentialAction":[{"@type":"SearchAction","target":{"@type":"EntryPoint","urlTemplate":"https:\/\/vtb.gurudesk.dev\/?s={search_term_string}"},"query-input":{"@type":"PropertyValueSpecification","valueRequired":true,"valueName":"search_term_string"}}],"inLanguage":"en-US"},{"@type":"Organization","@id":"https:\/\/vtb.gurudesk.dev\/#organization","name":"Vibe to Be","url":"https:\/\/vtb.gurudesk.dev\/","logo":{"@type":"ImageObject","inLanguage":"en-US","@id":"https:\/\/vtb.gurudesk.dev\/#\/schema\/logo\/image\/","url":"https:\/\/vibetobe.com\/wp-content\/uploads\/2022\/04\/svg-vibetobe-logo-01.svg","contentUrl":"https:\/\/vibetobe.com\/wp-content\/uploads\/2022\/04\/svg-vibetobe-logo-01.svg","width":600,"height":600,"caption":"Vibe to Be"},"image":{"@id":"https:\/\/vtb.gurudesk.dev\/#\/schema\/logo\/image\/"},"sameAs":["https:\/\/www.facebook.com\/vibetobe\/","https:\/\/www.instagram.com\/vibetobe\/","https:\/\/www.youtube.com\/channel\/UCHPXdL39zCA6cREYqsWuF3A"]}]}},"_links":{"self":[{"href":"https:\/\/vtb.gurudesk.dev\/en\/wp-json\/wp\/v2\/pages\/10355","targetHints":{"allow":["GET"]}}],"collection":[{"href":"https:\/\/vtb.gurudesk.dev\/en\/wp-json\/wp\/v2\/pages"}],"about":[{"href":"https:\/\/vtb.gurudesk.dev\/en\/wp-json\/wp\/v2\/types\/page"}],"author":[{"embeddable":true,"href":"https:\/\/vtb.gurudesk.dev\/en\/wp-json\/wp\/v2\/users\/4"}],"replies":[{"embeddable":true,"href":"https:\/\/vtb.gurudesk.dev\/en\/wp-json\/wp\/v2\/comments?post=10355"}],"version-history":[{"count":3,"href":"https:\/\/vtb.gurudesk.dev\/en\/wp-json\/wp\/v2\/pages\/10355\/revisions"}],"predecessor-version":[{"id":10358,"href":"https:\/\/vtb.gurudesk.dev\/en\/wp-json\/wp\/v2\/pages\/10355\/revisions\/10358"}],"wp:attachment":[{"href":"https:\/\/vtb.gurudesk.dev\/en\/wp-json\/wp\/v2\/media?parent=10355"}],"curies":[{"name":"wp","href":"https:\/\/api.w.org\/{rel}","templated":true}]}}