{"id":10351,"date":"2023-09-11T08:09:58","date_gmt":"2023-09-11T08:09:58","guid":{"rendered":"https:\/\/vibetobe.com\/cookie-policy\/"},"modified":"2023-12-20T20:25:51","modified_gmt":"2023-12-20T20:25:51","slug":"cookie-policy","status":"publish","type":"page","link":"https:\/\/vtb.gurudesk.dev\/en\/cookie-policy\/","title":{"rendered":"Cookie Policy"},"content":{"rendered":"\n<p>vibetobe.com (Bundan sonra \u201c\u0130nternet Sitesi\u201d olarak an\u0131lacakt\u0131r.) Kullan\u0131c\u0131lar\u2019\u0131n gizlili\u011fini korumak ve kullan\u0131lan teknolojik altyap\u0131dan en \u00fcst seviyede yararlanmas\u0131 ile g\u00fcvenli\u011fin sa\u011flanabilmesi amac\u0131yla \u00e7e\u015fitli gizlilik ilkeleri belirlemi\u015ftir. \u00c7erez<\/p>\n\n<p>Politikam\u0131z da Gizlilik Politikam\u0131z\u0131n bir par\u00e7as\u0131n\u0131 olu\u015fturur. Kullan\u0131c\u0131lar \u0130nternet Sitesi \u00fczerinden Gizlilik Politikas\u0131 metnini onaylayarak \u0130nternet Sitesi\u2019ni ilk ziyaretlerinden<\/p>\n\n<p>itibaren a\u015fa\u011f\u0131da yaz\u0131l\u0131 olan ve \u0130nternet Sitesi\u2019nin ziyaret edilmesine ve\/veya kullan\u0131lmas\u0131na ili\u015fkin \u00f6nemli bilgiler i\u00e7eren hususlar\u0131 b\u00fct\u00fcn\u00fcyle anlam\u0131\u015f ve tamam\u0131n\u0131 ayr\u0131lmaz bir b\u00fct\u00fcn olarak kabul etmi\u015f olurlar.<\/p>\n\n<p>\u0130nternet Sitesi \u00e7evrimi\u00e7i servisleri interaktif uygulamalar\u0131 e-posta mesajlar\u0131 ve reklamlar\u0131 \u00e7erezleri (cookie) ve di\u011fer teknolojileri kullanabilir. Bu teknolojiler size en kaliteli hizmeti sa\u011flamak davran\u0131\u015flar\u0131n\u0131z\u0131 daha iyi anlamak ve hizmetlerimizi daha kolay sunmak amac\u0131yla kullan\u0131lmaktad\u0131r. \u00c7erezler ve di\u011fer teknolojiler \u0130nternet<\/p>\n\n<p>Sitesi\u2019ni ziyaret etti\u011finiz zaman ki\u015fisel bilgilerinizi an\u0131msat\u0131r. Bununla amac\u0131m\u0131z size kullan\u0131m kolayl\u0131\u011f\u0131 sa\u011flamak vermi\u015f oldu\u011funuz sipari\u015flere ula\u015fabilmenizi sa\u011flamak ve bir sonraki ziyaretinizde sizi ve ki\u015fisel bilgilerinizi an\u0131msayarak size daha \u00f6zel bir hizmet sunabilmektir.<\/p>\n\n<p>\u0130nternet Sitesi\u2019nde bulundu\u011funuz s\u00fcre boyunca cookie olarak adland\u0131r\u0131lan \u00e7erezlerin ve buna benzer ba\u015fkaca unsurlar\u0131n taray\u0131c\u0131n\u0131za yerle\u015ftirilmesi s\u00f6z konusu olabilir.<\/p>\n\n<p>Taray\u0131c\u0131n\u0131zdan \u00e7erez ayarlar\u0131n\u0131 de\u011fi\u015ftirmeksizin \u0130nternet Sitesi\u2019ni kullanmaya devam ederek \u00e7erez kullan\u0131m\u0131na izin vermektesiniz.<\/p>\n\n<p>\u0130nternet Sitesi\u2019nde \u201coturum \u00e7erezleri\u201d ve \u201ckal\u0131c\u0131 \u00e7erezler\u201d olarak adland\u0131r\u0131lan \u00e7erezlerin d\u0131\u015f\u0131nda kal\u0131c\u0131 ve oturum \u00e7erezlerinin kullan\u0131lmas\u0131 arac\u0131l\u0131\u011f\u0131yla \u0130nternet<\/p>\n\n<p>Sitesi\u2019nin trafi\u011finin izlenmesi ve raporlanarak kullan\u0131c\u0131 deneyiminin daha iyi analiz edilmesi sa\u011flamak amac\u0131yla Google Analytics \u00e7erezleri kullan\u0131lmaktad\u0131r.<\/p>\n\n<p>\u00c7erezleri bilgisayar\u0131n\u0131zdan diledi\u011finiz zaman silebilir ya da engelleyebilirsiniz.<\/p>\n\n<p>\u00c7erezler kullan\u0131c\u0131 davran\u0131\u015flar\u0131n\u0131 anlamak \u00fcyelerimizin \u0130nternet Sitesi\u2019nin hangi b\u00f6l\u00fcmlerini ziyaret ettiklerini g\u00f6stermek reklamlar\u0131n ve aramalar\u0131n etkinli\u011fini \u00f6l\u00e7mek amac\u0131yla kullan\u0131lmaktad\u0131r. Bu bilgileri pazarlama ve reklam hizmetlerinde de kullanabilir.<\/p>\n\n<p>Bu \u00c7erez Politikam\u0131z\u0131 herhangi bir bildirimde bulunmadan g\u00fcncelleyebilece\u011fimizi bu sebeple \u00c7erez Politikam\u0131z\u0131 \u00e7e\u015fitli zamanlarda yeniden incelemeniz gerekti\u011fini belirtmek isteriz.<\/p>\n","protected":false},"excerpt":{"rendered":"<p>vibetobe.com (Bundan sonra \u201c\u0130nternet Sitesi\u201d olarak an\u0131lacakt\u0131r.) Kullan\u0131c\u0131lar\u2019\u0131n gizlili\u011fini korumak ve kullan\u0131lan teknolojik altyap\u0131dan en \u00fcst seviyede yararlanmas\u0131 ile g\u00fcvenli\u011fin sa\u011flanabilmesi amac\u0131yla \u00e7e\u015fitli gizlilik ilkeleri belirlemi\u015ftir. \u00c7erez Politikam\u0131z da Gizlilik Politikam\u0131z\u0131n bir par\u00e7as\u0131n\u0131 olu\u015fturur. Kullan\u0131c\u0131lar \u0130nternet Sitesi \u00fczerinden Gizlilik Politikas\u0131 metnini onaylayarak \u0130nternet Sitesi\u2019ni ilk ziyaretlerinden itibaren a\u015fa\u011f\u0131da yaz\u0131l\u0131 olan ve \u0130nternet Sitesi\u2019nin ziyaret edilmesine [&hellip;]<\/p>\n","protected":false},"author":3,"featured_media":0,"parent":0,"menu_order":0,"comment_status":"closed","ping_status":"closed","template":"","meta":{"footnotes":""},"class_list":["post-10351","page","type-page","status-publish","hentry"],"yoast_head":"<!-- This site is optimized with the Yoast SEO plugin v25.8 - https:\/\/yoast.com\/wordpress\/plugins\/seo\/ -->\n<title>Cookie Policy - Vibe to BE<\/title>\n<meta name=\"robots\" content=\"index, follow, max-snippet:-1, max-image-preview:large, max-video-preview:-1\" \/>\n<link rel=\"canonical\" href=\"https:\/\/vtb.gurudesk.dev\/en\/cookie-policy\/\" \/>\n<meta property=\"og:locale\" content=\"en_US\" \/>\n<meta property=\"og:type\" content=\"article\" \/>\n<meta property=\"og:title\" content=\"Cookie Policy - Vibe to BE\" \/>\n<meta property=\"og:description\" content=\"vibetobe.com (Bundan sonra \u201c\u0130nternet Sitesi\u201d olarak an\u0131lacakt\u0131r.) Kullan\u0131c\u0131lar\u2019\u0131n gizlili\u011fini korumak ve kullan\u0131lan teknolojik altyap\u0131dan en \u00fcst seviyede yararlanmas\u0131 ile g\u00fcvenli\u011fin sa\u011flanabilmesi amac\u0131yla \u00e7e\u015fitli gizlilik ilkeleri belirlemi\u015ftir. \u00c7erez Politikam\u0131z da Gizlilik Politikam\u0131z\u0131n bir par\u00e7as\u0131n\u0131 olu\u015fturur. Kullan\u0131c\u0131lar \u0130nternet Sitesi \u00fczerinden Gizlilik Politikas\u0131 metnini onaylayarak \u0130nternet Sitesi\u2019ni ilk ziyaretlerinden itibaren a\u015fa\u011f\u0131da yaz\u0131l\u0131 olan ve \u0130nternet Sitesi\u2019nin ziyaret edilmesine [&hellip;]\" \/>\n<meta property=\"og:url\" content=\"https:\/\/vtb.gurudesk.dev\/en\/cookie-policy\/\" \/>\n<meta property=\"og:site_name\" content=\"Vibe to BE\" \/>\n<meta property=\"article:publisher\" content=\"https:\/\/www.facebook.com\/vibetobe\/\" \/>\n<meta property=\"article:modified_time\" content=\"2023-12-20T20:25:51+00:00\" \/>\n<meta name=\"twitter:card\" content=\"summary_large_image\" \/>\n<meta name=\"twitter:label1\" content=\"Est. reading time\" \/>\n\t<meta name=\"twitter:data1\" content=\"2 minutes\" \/>\n<script type=\"application\/ld+json\" class=\"yoast-schema-graph\">{\"@context\":\"https:\/\/schema.org\",\"@graph\":[{\"@type\":\"WebPage\",\"@id\":\"https:\/\/vtb.gurudesk.dev\/en\/cookie-policy\/\",\"url\":\"https:\/\/vtb.gurudesk.dev\/en\/cookie-policy\/\",\"name\":\"Cookie Policy - Vibe to BE\",\"isPartOf\":{\"@id\":\"https:\/\/vtb.gurudesk.dev\/#website\"},\"datePublished\":\"2023-09-11T08:09:58+00:00\",\"dateModified\":\"2023-12-20T20:25:51+00:00\",\"breadcrumb\":{\"@id\":\"https:\/\/vtb.gurudesk.dev\/en\/cookie-policy\/#breadcrumb\"},\"inLanguage\":\"en-US\",\"potentialAction\":[{\"@type\":\"ReadAction\",\"target\":[\"https:\/\/vtb.gurudesk.dev\/en\/cookie-policy\/\"]}]},{\"@type\":\"BreadcrumbList\",\"@id\":\"https:\/\/vtb.gurudesk.dev\/en\/cookie-policy\/#breadcrumb\",\"itemListElement\":[{\"@type\":\"ListItem\",\"position\":1,\"name\":\"Anasayfa\",\"item\":\"https:\/\/vtb.gurudesk.dev\/\"},{\"@type\":\"ListItem\",\"position\":2,\"name\":\"Cookie Policy\"}]},{\"@type\":\"WebSite\",\"@id\":\"https:\/\/vtb.gurudesk.dev\/#website\",\"url\":\"https:\/\/vtb.gurudesk.dev\/\",\"name\":\"Vibe to BE\",\"description\":\"| Vibe to BE\",\"publisher\":{\"@id\":\"https:\/\/vtb.gurudesk.dev\/#organization\"},\"potentialAction\":[{\"@type\":\"SearchAction\",\"target\":{\"@type\":\"EntryPoint\",\"urlTemplate\":\"https:\/\/vtb.gurudesk.dev\/?s={search_term_string}\"},\"query-input\":{\"@type\":\"PropertyValueSpecification\",\"valueRequired\":true,\"valueName\":\"search_term_string\"}}],\"inLanguage\":\"en-US\"},{\"@type\":\"Organization\",\"@id\":\"https:\/\/vtb.gurudesk.dev\/#organization\",\"name\":\"Vibe to Be\",\"url\":\"https:\/\/vtb.gurudesk.dev\/\",\"logo\":{\"@type\":\"ImageObject\",\"inLanguage\":\"en-US\",\"@id\":\"https:\/\/vtb.gurudesk.dev\/#\/schema\/logo\/image\/\",\"url\":\"https:\/\/vibetobe.com\/wp-content\/uploads\/2022\/04\/svg-vibetobe-logo-01.svg\",\"contentUrl\":\"https:\/\/vibetobe.com\/wp-content\/uploads\/2022\/04\/svg-vibetobe-logo-01.svg\",\"width\":600,\"height\":600,\"caption\":\"Vibe to Be\"},\"image\":{\"@id\":\"https:\/\/vtb.gurudesk.dev\/#\/schema\/logo\/image\/\"},\"sameAs\":[\"https:\/\/www.facebook.com\/vibetobe\/\",\"https:\/\/www.instagram.com\/vibetobe\/\",\"https:\/\/www.youtube.com\/channel\/UCHPXdL39zCA6cREYqsWuF3A\"]}]}<\/script>\n<!-- \/ Yoast SEO plugin. -->","yoast_head_json":{"title":"Cookie Policy - Vibe to BE","robots":{"index":"index","follow":"follow","max-snippet":"max-snippet:-1","max-image-preview":"max-image-preview:large","max-video-preview":"max-video-preview:-1"},"canonical":"https:\/\/vtb.gurudesk.dev\/en\/cookie-policy\/","og_locale":"en_US","og_type":"article","og_title":"Cookie Policy - Vibe to BE","og_description":"vibetobe.com (Bundan sonra \u201c\u0130nternet Sitesi\u201d olarak an\u0131lacakt\u0131r.) Kullan\u0131c\u0131lar\u2019\u0131n gizlili\u011fini korumak ve kullan\u0131lan teknolojik altyap\u0131dan en \u00fcst seviyede yararlanmas\u0131 ile g\u00fcvenli\u011fin sa\u011flanabilmesi amac\u0131yla \u00e7e\u015fitli gizlilik ilkeleri belirlemi\u015ftir. \u00c7erez Politikam\u0131z da Gizlilik Politikam\u0131z\u0131n bir par\u00e7as\u0131n\u0131 olu\u015fturur. Kullan\u0131c\u0131lar \u0130nternet Sitesi \u00fczerinden Gizlilik Politikas\u0131 metnini onaylayarak \u0130nternet Sitesi\u2019ni ilk ziyaretlerinden itibaren a\u015fa\u011f\u0131da yaz\u0131l\u0131 olan ve \u0130nternet Sitesi\u2019nin ziyaret edilmesine [&hellip;]","og_url":"https:\/\/vtb.gurudesk.dev\/en\/cookie-policy\/","og_site_name":"Vibe to BE","article_publisher":"https:\/\/www.facebook.com\/vibetobe\/","article_modified_time":"2023-12-20T20:25:51+00:00","twitter_card":"summary_large_image","twitter_misc":{"Est. reading time":"2 minutes"},"schema":{"@context":"https:\/\/schema.org","@graph":[{"@type":"WebPage","@id":"https:\/\/vtb.gurudesk.dev\/en\/cookie-policy\/","url":"https:\/\/vtb.gurudesk.dev\/en\/cookie-policy\/","name":"Cookie Policy - Vibe to BE","isPartOf":{"@id":"https:\/\/vtb.gurudesk.dev\/#website"},"datePublished":"2023-09-11T08:09:58+00:00","dateModified":"2023-12-20T20:25:51+00:00","breadcrumb":{"@id":"https:\/\/vtb.gurudesk.dev\/en\/cookie-policy\/#breadcrumb"},"inLanguage":"en-US","potentialAction":[{"@type":"ReadAction","target":["https:\/\/vtb.gurudesk.dev\/en\/cookie-policy\/"]}]},{"@type":"BreadcrumbList","@id":"https:\/\/vtb.gurudesk.dev\/en\/cookie-policy\/#breadcrumb","itemListElement":[{"@type":"ListItem","position":1,"name":"Anasayfa","item":"https:\/\/vtb.gurudesk.dev\/"},{"@type":"ListItem","position":2,"name":"Cookie Policy"}]},{"@type":"WebSite","@id":"https:\/\/vtb.gurudesk.dev\/#website","url":"https:\/\/vtb.gurudesk.dev\/","name":"Vibe to BE","description":"| Vibe to BE","publisher":{"@id":"https:\/\/vtb.gurudesk.dev\/#organization"},"potentialAction":[{"@type":"SearchAction","target":{"@type":"EntryPoint","urlTemplate":"https:\/\/vtb.gurudesk.dev\/?s={search_term_string}"},"query-input":{"@type":"PropertyValueSpecification","valueRequired":true,"valueName":"search_term_string"}}],"inLanguage":"en-US"},{"@type":"Organization","@id":"https:\/\/vtb.gurudesk.dev\/#organization","name":"Vibe to Be","url":"https:\/\/vtb.gurudesk.dev\/","logo":{"@type":"ImageObject","inLanguage":"en-US","@id":"https:\/\/vtb.gurudesk.dev\/#\/schema\/logo\/image\/","url":"https:\/\/vibetobe.com\/wp-content\/uploads\/2022\/04\/svg-vibetobe-logo-01.svg","contentUrl":"https:\/\/vibetobe.com\/wp-content\/uploads\/2022\/04\/svg-vibetobe-logo-01.svg","width":600,"height":600,"caption":"Vibe to Be"},"image":{"@id":"https:\/\/vtb.gurudesk.dev\/#\/schema\/logo\/image\/"},"sameAs":["https:\/\/www.facebook.com\/vibetobe\/","https:\/\/www.instagram.com\/vibetobe\/","https:\/\/www.youtube.com\/channel\/UCHPXdL39zCA6cREYqsWuF3A"]}]}},"_links":{"self":[{"href":"https:\/\/vtb.gurudesk.dev\/en\/wp-json\/wp\/v2\/pages\/10351","targetHints":{"allow":["GET"]}}],"collection":[{"href":"https:\/\/vtb.gurudesk.dev\/en\/wp-json\/wp\/v2\/pages"}],"about":[{"href":"https:\/\/vtb.gurudesk.dev\/en\/wp-json\/wp\/v2\/types\/page"}],"author":[{"embeddable":true,"href":"https:\/\/vtb.gurudesk.dev\/en\/wp-json\/wp\/v2\/users\/3"}],"replies":[{"embeddable":true,"href":"https:\/\/vtb.gurudesk.dev\/en\/wp-json\/wp\/v2\/comments?post=10351"}],"version-history":[{"count":3,"href":"https:\/\/vtb.gurudesk.dev\/en\/wp-json\/wp\/v2\/pages\/10351\/revisions"}],"predecessor-version":[{"id":10354,"href":"https:\/\/vtb.gurudesk.dev\/en\/wp-json\/wp\/v2\/pages\/10351\/revisions\/10354"}],"wp:attachment":[{"href":"https:\/\/vtb.gurudesk.dev\/en\/wp-json\/wp\/v2\/media?parent=10351"}],"curies":[{"name":"wp","href":"https:\/\/api.w.org\/{rel}","templated":true}]}}